{"id":23,"date":"2020-02-10T18:35:49","date_gmt":"2020-02-10T17:35:49","guid":{"rendered":"http:\/\/cantaton.de\/?page_id=23"},"modified":"2020-03-28T21:33:20","modified_gmt":"2020-03-28T20:33:20","slug":"musik","status":"publish","type":"page","link":"https:\/\/cantaton.de\/index.php\/musik\/","title":{"rendered":"Musik"},"content":{"rendered":"<ul>\n<li>Das <b>Tonstudio Cantaton<\/b> ist spezialisiert auf die Aufnahme von <b>Chor- und Kirchenmusik<\/b>.<\/li>\n<li>Es ist aber ebenso ideal f\u00fcr <b>Vokal- und Instrumentalmusik<\/b> s\u00e4mtlicher Sparten, <b>Sprachaufnahmen<\/b>, <b>Nachvertonungen<\/b> etc.<\/li>\n<li><b>Die Musik steht immer im Vordergrund:<\/b><br \/>\nDer Tontechniker verf\u00fcgt \u00fcber eine fundierte <b>musikalische Ausbildung<\/b> und ist selbst <b>Instrumentalist<\/b>.<\/li>\n<\/ul>\n","protected":false},"excerpt":{"rendered":"<p>Das Tonstudio Cantaton ist spezialisiert auf die Aufnahme von Chor- und Kirchenmusik. Es ist aber ebenso ideal f\u00fcr Vokal- und Instrumentalmusik s\u00e4mtlicher Sparten, Sprachaufnahmen, Nachvertonungen etc. Die Musik steht immer im Vordergrund: Der Tontechniker verf\u00fcgt \u00fcber eine fundierte musikalische Ausbildung und ist selbst Instrumentalist.<\/p>\n","protected":false},"author":1,"featured_media":0,"parent":0,"menu_order":0,"comment_status":"closed","ping_status":"closed","template":"","meta":[],"_links":{"self":[{"href":"https:\/\/cantaton.de\/index.php\/wp-json\/wp\/v2\/pages\/23"}],"collection":[{"href":"https:\/\/cantaton.de\/index.php\/wp-json\/wp\/v2\/pages"}],"about":[{"href":"https:\/\/cantaton.de\/index.php\/wp-json\/wp\/v2\/types\/page"}],"author":[{"embeddable":true,"href":"https:\/\/cantaton.de\/index.php\/wp-json\/wp\/v2\/users\/1"}],"replies":[{"embeddable":true,"href":"https:\/\/cantaton.de\/index.php\/wp-json\/wp\/v2\/comments?post=23"}],"version-history":[{"count":12,"href":"https:\/\/cantaton.de\/index.php\/wp-json\/wp\/v2\/pages\/23\/revisions"}],"predecessor-version":[{"id":131,"href":"https:\/\/cantaton.de\/index.php\/wp-json\/wp\/v2\/pages\/23\/revisions\/131"}],"wp:attachment":[{"href":"https:\/\/cantaton.de\/index.php\/wp-json\/wp\/v2\/media?parent=23"}],"curies":[{"name":"wp","href":"https:\/\/api.w.org\/{rel}","templated":true}]}}